{"id":1719,"date":"2024-04-18T10:32:57","date_gmt":"2024-04-18T08:32:57","guid":{"rendered":"https:\/\/arumesdomar.com\/nos\/"},"modified":"2024-05-02T00:10:52","modified_gmt":"2024-05-01T22:10:52","slug":"nos","status":"publish","type":"page","link":"https:\/\/arumesdomar.com\/pt-pt\/nos\/","title":{"rendered":"N\u00f3s"},"content":{"rendered":"\t\t<div data-elementor-type=\"wp-page\" data-elementor-id=\"1719\" class=\"elementor elementor-1719 elementor-235\" data-elementor-post-type=\"page\">\n\t\t\t\t<div class=\"elementor-element elementor-element-66572b96 e-flex e-con-boxed e-con e-parent\" data-id=\"66572b96\" data-element_type=\"container\" data-settings=\"{&quot;background_background&quot;:&quot;classic&quot;}\">\n\t\t\t\t\t<div class=\"e-con-inner\">\n\t\t<div class=\"elementor-element elementor-element-76ccba1 e-con-full e-flex e-con e-child\" data-id=\"76ccba1\" data-element_type=\"container\">\n\t\t\t\t<div class=\"elementor-element elementor-element-ab129aa elementor-widget elementor-widget-heading\" data-id=\"ab129aa\" data-element_type=\"widget\" data-widget_type=\"heading.default\">\n\t\t\t\t<div class=\"elementor-widget-container\">\n\t\t\t<style>\/*! elementor - v3.23.0 - 05-08-2024 *\/\n.elementor-heading-title{padding:0;margin:0;line-height:1}.elementor-widget-heading .elementor-heading-title[class*=elementor-size-]>a{color:inherit;font-size:inherit;line-height:inherit}.elementor-widget-heading .elementor-heading-title.elementor-size-small{font-size:15px}.elementor-widget-heading .elementor-heading-title.elementor-size-medium{font-size:19px}.elementor-widget-heading .elementor-heading-title.elementor-size-large{font-size:29px}.elementor-widget-heading .elementor-heading-title.elementor-size-xl{font-size:39px}.elementor-widget-heading .elementor-heading-title.elementor-size-xxl{font-size:59px}<\/style><h2 class=\"elementor-heading-title elementor-size-default\">Sobre n\u00f3s<\/h2>\t\t<\/div>\n\t\t\t\t<\/div>\n\t\t\t\t<div class=\"elementor-element elementor-element-248e079 elementor-widget__width-initial elementor-widget-mobile__width-inherit elementor-widget elementor-widget-text-editor\" data-id=\"248e079\" data-element_type=\"widget\" data-widget_type=\"text-editor.default\">\n\t\t\t\t<div class=\"elementor-widget-container\">\n\t\t\t<style>\/*! elementor - v3.23.0 - 05-08-2024 *\/\n.elementor-widget-text-editor.elementor-drop-cap-view-stacked .elementor-drop-cap{background-color:#69727d;color:#fff}.elementor-widget-text-editor.elementor-drop-cap-view-framed .elementor-drop-cap{color:#69727d;border:3px solid;background-color:transparent}.elementor-widget-text-editor:not(.elementor-drop-cap-view-default) .elementor-drop-cap{margin-top:8px}.elementor-widget-text-editor:not(.elementor-drop-cap-view-default) .elementor-drop-cap-letter{width:1em;height:1em}.elementor-widget-text-editor .elementor-drop-cap{float:left;text-align:center;line-height:1;font-size:50px}.elementor-widget-text-editor .elementor-drop-cap-letter{display:inline-block}<\/style>\t\t\t\t<p>Descubra o ref\u00fagio perfeito na costa de Lugo em Arumes do Mar e Monta\u00f1a. Mergulhe na beleza do mar de Lugo, onde o mar e a montanha se encontram para lhe oferecer uma experi\u00eancia \u00fanica. <\/p>\n\t\t\t\t\t\t<\/div>\n\t\t\t\t<\/div>\n\t\t\t\t<\/div>\n\t\t\t\t\t<\/div>\n\t\t\t\t<\/div>\n\t\t<div class=\"elementor-element elementor-element-70930a6c e-flex e-con-boxed e-con e-parent\" data-id=\"70930a6c\" data-element_type=\"container\">\n\t\t\t\t\t<div class=\"e-con-inner\">\n\t\t\t\t<div class=\"elementor-element elementor-element-6ae643a3 elementor-widget-tablet__width-initial elementor-invisible elementor-widget elementor-widget-heading\" data-id=\"6ae643a3\" data-element_type=\"widget\" data-settings=\"{&quot;_animation&quot;:&quot;fadeIn&quot;}\" data-widget_type=\"heading.default\">\n\t\t\t\t<div class=\"elementor-widget-container\">\n\t\t\t<h2 class=\"elementor-heading-title elementor-size-default\">Um canto de paz e tranquilidade<\/h2>\t\t<\/div>\n\t\t\t\t<\/div>\n\t\t\t\t<div class=\"elementor-element elementor-element-1260f12c elementor-widget__width-initial elementor-widget-mobile__width-inherit elementor-invisible elementor-widget elementor-widget-text-editor\" data-id=\"1260f12c\" data-element_type=\"widget\" data-settings=\"{&quot;_animation&quot;:&quot;fadeIn&quot;,&quot;_animation_delay&quot;:&quot;200&quot;}\" data-widget_type=\"text-editor.default\">\n\t\t\t\t<div class=\"elementor-widget-container\">\n\t\t\t\t\t\t\t<p>Os Apartamentos Arumes do Mar e Monta\u00f1a &#8211; Viveiro est\u00e3o situados a 500 m. da praia de Covas, no munic\u00edpio de Viveiro, na Mari\u00f1a Ocidental Lucense. Est\u00e1 situado entre o mar e a montanha, o que proporciona excelentes vistas e tranquilidade. Isto permite a pr\u00e1tica de desportos de montanha, caminhadas e escalada, bem como desportos de mar, surf e canoagem na ria.   <\/p>\n<p>Todas as acomoda\u00e7\u00f5es possuem uma kitchenette totalmente equipada, uma \u00e1rea de estar com um sof\u00e1, uma televis\u00e3o de ecr\u00e3 plano e uma casa de banho privativa com um chuveiro. O acesso Wi-Fi tamb\u00e9m est\u00e1 dispon\u00edvel. <\/p>\n<p>O estabelecimento disp\u00f5e de um terreno de 3.000 m, com \u00e1reas de churrasco, mobili\u00e1rio de jardim e gazebos.<\/p>\n<p>Os Apartamentos Arumes do Mar e Monta\u00f1a &#8211; Viveiro est\u00e3o pr\u00f3ximos de numerosas praias, como a praia de Abrela (onde se encontra O Fuci\u00f1o do Porco), San Rom\u00e1n, Xilloi, Area Longa. A meia hora de Estaca de Bares e a 50 minutos da praia de As Catedrales. O aeroporto mais pr\u00f3ximo \u00e9 o de A Coru\u00f1a, a 109 km. Com o comboio FEVE a 100 m e a esta\u00e7\u00e3o de autocarros Viveiro a 1,8 km. A cidade murada de Lugo fica a uma hora de carro.    <\/p>\n<p>Segredos a conhecer: O abuelo, o eucalipto mais antigo da Europa, no Souto da Retorta. A cascata do Pozo da Ferida. A Coba da Doncella e San Juan Viejo, no Cargadero de Insua. A praia de Alegr\u00edn. O miradouro do Monte San Roque, Monte Castelo e Montefaro. E tudo o que se pode descobrir.     <\/p>\n\t\t\t\t\t\t<\/div>\n\t\t\t\t<\/div>\n\t\t\t\t<div class=\"elementor-element elementor-element-85c8c7f elementor-widget__width-initial elementor-widget-mobile__width-inherit elementor-widget elementor-widget-image\" data-id=\"85c8c7f\" data-element_type=\"widget\" data-widget_type=\"image.default\">\n\t\t\t\t<div class=\"elementor-widget-container\">\n\t\t\t<style>\/*! elementor - v3.23.0 - 05-08-2024 *\/\n.elementor-widget-image{text-align:center}.elementor-widget-image a{display:inline-block}.elementor-widget-image a img[src$=\".svg\"]{width:48px}.elementor-widget-image img{vertical-align:middle;display:inline-block}<\/style>\t\t\t\t\t\t\t\t\t\t<img fetchpriority=\"high\" decoding=\"async\" width=\"800\" height=\"400\" src=\"https:\/\/arumesdomar.com\/wp-content\/uploads\/arumes-do-mar-e-motana-turismo-rural-apartamentos-turisticos-viveiro-covas-marina-lucense-panoramica-exterior-2-min-1024x512.webp\" class=\"attachment-large size-large wp-image-1091\" alt=\"\" srcset=\"https:\/\/arumesdomar.com\/wp-content\/uploads\/arumes-do-mar-e-motana-turismo-rural-apartamentos-turisticos-viveiro-covas-marina-lucense-panoramica-exterior-2-min-1024x512.webp 1024w, https:\/\/arumesdomar.com\/wp-content\/uploads\/arumes-do-mar-e-motana-turismo-rural-apartamentos-turisticos-viveiro-covas-marina-lucense-panoramica-exterior-2-min-300x150.webp 300w, https:\/\/arumesdomar.com\/wp-content\/uploads\/arumes-do-mar-e-motana-turismo-rural-apartamentos-turisticos-viveiro-covas-marina-lucense-panoramica-exterior-2-min-768x384.webp 768w, https:\/\/arumesdomar.com\/wp-content\/uploads\/arumes-do-mar-e-motana-turismo-rural-apartamentos-turisticos-viveiro-covas-marina-lucense-panoramica-exterior-2-min-1536x768.webp 1536w, https:\/\/arumesdomar.com\/wp-content\/uploads\/arumes-do-mar-e-motana-turismo-rural-apartamentos-turisticos-viveiro-covas-marina-lucense-panoramica-exterior-2-min-2048x1024.webp 2048w\" sizes=\"(max-width: 800px) 100vw, 800px\" \/>\t\t\t\t\t\t\t\t\t\t\t\t\t<\/div>\n\t\t\t\t<\/div>\n\t\t\t\t\t<\/div>\n\t\t\t\t<\/div>\n\t\t\t\t<\/div>\n\t\t","protected":false},"excerpt":{"rendered":"<p>Sobre n\u00f3s Descubra o ref\u00fagio perfeito na costa de Lugo em Arumes do Mar e Monta\u00f1a. Mergulhe na beleza do mar de Lugo, onde o mar e a montanha se encontram para lhe oferecer uma experi\u00eancia \u00fanica. Um canto de paz e tranquilidade Os Apartamentos Arumes do Mar e Monta\u00f1a &#8211; Viveiro est\u00e3o situados a [&hellip;]<\/p>\n","protected":false},"author":2,"featured_media":0,"parent":0,"menu_order":0,"comment_status":"closed","ping_status":"closed","template":"elementor_header_footer","meta":{"_joinchat":[],"footnotes":""},"class_list":["post-1719","page","type-page","status-publish","hentry"],"yoast_head":"<!-- This site is optimized with the Yoast SEO Premium plugin v22.5 (Yoast SEO v23.1) - https:\/\/yoast.com\/wordpress\/plugins\/seo\/ -->\n<title>N\u00f3s - Arumes do Mar e Monta\u00f1a<\/title>\n<meta name=\"robots\" content=\"index, follow, max-snippet:-1, max-image-preview:large, max-video-preview:-1\" \/>\n<link rel=\"canonical\" href=\"https:\/\/arumesdomar.com\/pt-pt\/nos\/\" \/>\n<meta property=\"og:locale\" content=\"pt_PT\" \/>\n<meta property=\"og:type\" content=\"article\" \/>\n<meta property=\"og:title\" content=\"N\u00f3s\" \/>\n<meta property=\"og:description\" content=\"Sobre n\u00f3s Descubra o ref\u00fagio perfeito na costa de Lugo em Arumes do Mar e Monta\u00f1a. Mergulhe na beleza do mar de Lugo, onde o mar e a montanha se encontram para lhe oferecer uma experi\u00eancia \u00fanica. Um canto de paz e tranquilidade Os Apartamentos Arumes do Mar e Monta\u00f1a &#8211; Viveiro est\u00e3o situados a [&hellip;]\" \/>\n<meta property=\"og:url\" content=\"https:\/\/arumesdomar.com\/pt-pt\/nos\/\" \/>\n<meta property=\"og:site_name\" content=\"Arumes do Mar e Monta\u00f1a\" \/>\n<meta property=\"article:publisher\" content=\"https:\/\/www.facebook.com\/arumesdomar\" \/>\n<meta property=\"article:modified_time\" content=\"2024-05-01T22:10:52+00:00\" \/>\n<meta property=\"og:image\" content=\"https:\/\/arumesdomar.com\/wp-content\/uploads\/arumes-do-mar-e-motana-turismo-rural-apartamentos-turisticos-viveiro-covas-marina-lucense-panoramica-exterior-2-min-1024x512.webp\" \/>\n<meta name=\"twitter:card\" content=\"summary_large_image\" \/>\n<meta name=\"twitter:label1\" content=\"Tempo estimado de leitura\" \/>\n\t<meta name=\"twitter:data1\" content=\"2 minutos\" \/>\n<script type=\"application\/ld+json\" class=\"yoast-schema-graph\">{\"@context\":\"https:\/\/schema.org\",\"@graph\":[{\"@type\":\"WebPage\",\"@id\":\"https:\/\/arumesdomar.com\/pt-pt\/nos\/\",\"url\":\"https:\/\/arumesdomar.com\/pt-pt\/nos\/\",\"name\":\"N\u00f3s - Arumes do Mar e Monta\u00f1a\",\"isPartOf\":{\"@id\":\"https:\/\/arumesdomar.com\/#website\"},\"primaryImageOfPage\":{\"@id\":\"https:\/\/arumesdomar.com\/pt-pt\/nos\/#primaryimage\"},\"image\":{\"@id\":\"https:\/\/arumesdomar.com\/pt-pt\/nos\/#primaryimage\"},\"thumbnailUrl\":\"https:\/\/arumesdomar.com\/wp-content\/uploads\/arumes-do-mar-e-motana-turismo-rural-apartamentos-turisticos-viveiro-covas-marina-lucense-panoramica-exterior-2-min-1024x512.webp\",\"datePublished\":\"2024-04-18T08:32:57+00:00\",\"dateModified\":\"2024-05-01T22:10:52+00:00\",\"breadcrumb\":{\"@id\":\"https:\/\/arumesdomar.com\/pt-pt\/nos\/#breadcrumb\"},\"inLanguage\":\"pt-PT\",\"potentialAction\":[{\"@type\":\"ReadAction\",\"target\":[\"https:\/\/arumesdomar.com\/pt-pt\/nos\/\"]}]},{\"@type\":\"ImageObject\",\"inLanguage\":\"pt-PT\",\"@id\":\"https:\/\/arumesdomar.com\/pt-pt\/nos\/#primaryimage\",\"url\":\"https:\/\/arumesdomar.com\/wp-content\/uploads\/arumes-do-mar-e-motana-turismo-rural-apartamentos-turisticos-viveiro-covas-marina-lucense-panoramica-exterior-2-min-1024x512.webp\",\"contentUrl\":\"https:\/\/arumesdomar.com\/wp-content\/uploads\/arumes-do-mar-e-motana-turismo-rural-apartamentos-turisticos-viveiro-covas-marina-lucense-panoramica-exterior-2-min-1024x512.webp\"},{\"@type\":\"BreadcrumbList\",\"@id\":\"https:\/\/arumesdomar.com\/pt-pt\/nos\/#breadcrumb\",\"itemListElement\":[{\"@type\":\"ListItem\",\"position\":1,\"name\":\"Portada\",\"item\":\"https:\/\/arumesdomar.com\/pt-pt\/inicio\/\"},{\"@type\":\"ListItem\",\"position\":2,\"name\":\"N\u00f3s\"}]},{\"@type\":\"WebSite\",\"@id\":\"https:\/\/arumesdomar.com\/#website\",\"url\":\"https:\/\/arumesdomar.com\/\",\"name\":\"Arumes do Mar e Monta\u00f1a\",\"description\":\"Apartamentos Tur\u00edsticos en Viveiro\",\"publisher\":{\"@id\":\"https:\/\/arumesdomar.com\/#organization\"},\"potentialAction\":[{\"@type\":\"SearchAction\",\"target\":{\"@type\":\"EntryPoint\",\"urlTemplate\":\"https:\/\/arumesdomar.com\/?s={search_term_string}\"},\"query-input\":\"required name=search_term_string\"}],\"inLanguage\":\"pt-PT\"},{\"@type\":[\"Organization\",\"Place\"],\"@id\":\"https:\/\/arumesdomar.com\/#organization\",\"name\":\"Arumes do Mar e Monta\u00f1a\",\"url\":\"https:\/\/arumesdomar.com\/\",\"logo\":{\"@id\":\"https:\/\/arumesdomar.com\/pt-pt\/nos\/#local-main-organization-logo\"},\"image\":{\"@id\":\"https:\/\/arumesdomar.com\/pt-pt\/nos\/#local-main-organization-logo\"},\"sameAs\":[\"https:\/\/www.facebook.com\/arumesdomar\",\"https:\/\/instagram.com\/arumesdomar_viveiro\",\"https:\/\/www.tiktok.com\/@arumesdomar\"],\"telephone\":[],\"openingHoursSpecification\":[{\"@type\":\"OpeningHoursSpecification\",\"dayOfWeek\":[\"Monday\",\"Tuesday\",\"Wednesday\",\"Thursday\",\"Friday\",\"Saturday\",\"Sunday\"],\"opens\":\"09:00\",\"closes\":\"17:00\"}]},{\"@type\":\"ImageObject\",\"inLanguage\":\"pt-PT\",\"@id\":\"https:\/\/arumesdomar.com\/pt-pt\/nos\/#local-main-organization-logo\",\"url\":\"https:\/\/arumesdomar.com\/wp-content\/uploads\/arumes-do-mar-e-motana-turismo-rural-apartamentos-turisticos-viveiro-covas-marina-lucense.png\",\"contentUrl\":\"https:\/\/arumesdomar.com\/wp-content\/uploads\/arumes-do-mar-e-motana-turismo-rural-apartamentos-turisticos-viveiro-covas-marina-lucense.png\",\"width\":1890,\"height\":1181,\"caption\":\"Arumes do Mar e Monta\u00f1a\"}]}<\/script>\n<!-- \/ Yoast SEO Premium plugin. -->","yoast_head_json":{"title":"N\u00f3s - Arumes do Mar e Monta\u00f1a","robots":{"index":"index","follow":"follow","max-snippet":"max-snippet:-1","max-image-preview":"max-image-preview:large","max-video-preview":"max-video-preview:-1"},"canonical":"https:\/\/arumesdomar.com\/pt-pt\/nos\/","og_locale":"pt_PT","og_type":"article","og_title":"N\u00f3s","og_description":"Sobre n\u00f3s Descubra o ref\u00fagio perfeito na costa de Lugo em Arumes do Mar e Monta\u00f1a. Mergulhe na beleza do mar de Lugo, onde o mar e a montanha se encontram para lhe oferecer uma experi\u00eancia \u00fanica. Um canto de paz e tranquilidade Os Apartamentos Arumes do Mar e Monta\u00f1a &#8211; Viveiro est\u00e3o situados a [&hellip;]","og_url":"https:\/\/arumesdomar.com\/pt-pt\/nos\/","og_site_name":"Arumes do Mar e Monta\u00f1a","article_publisher":"https:\/\/www.facebook.com\/arumesdomar","article_modified_time":"2024-05-01T22:10:52+00:00","og_image":[{"url":"https:\/\/arumesdomar.com\/wp-content\/uploads\/arumes-do-mar-e-motana-turismo-rural-apartamentos-turisticos-viveiro-covas-marina-lucense-panoramica-exterior-2-min-1024x512.webp"}],"twitter_card":"summary_large_image","twitter_misc":{"Tempo estimado de leitura":"2 minutos"},"schema":{"@context":"https:\/\/schema.org","@graph":[{"@type":"WebPage","@id":"https:\/\/arumesdomar.com\/pt-pt\/nos\/","url":"https:\/\/arumesdomar.com\/pt-pt\/nos\/","name":"N\u00f3s - Arumes do Mar e Monta\u00f1a","isPartOf":{"@id":"https:\/\/arumesdomar.com\/#website"},"primaryImageOfPage":{"@id":"https:\/\/arumesdomar.com\/pt-pt\/nos\/#primaryimage"},"image":{"@id":"https:\/\/arumesdomar.com\/pt-pt\/nos\/#primaryimage"},"thumbnailUrl":"https:\/\/arumesdomar.com\/wp-content\/uploads\/arumes-do-mar-e-motana-turismo-rural-apartamentos-turisticos-viveiro-covas-marina-lucense-panoramica-exterior-2-min-1024x512.webp","datePublished":"2024-04-18T08:32:57+00:00","dateModified":"2024-05-01T22:10:52+00:00","breadcrumb":{"@id":"https:\/\/arumesdomar.com\/pt-pt\/nos\/#breadcrumb"},"inLanguage":"pt-PT","potentialAction":[{"@type":"ReadAction","target":["https:\/\/arumesdomar.com\/pt-pt\/nos\/"]}]},{"@type":"ImageObject","inLanguage":"pt-PT","@id":"https:\/\/arumesdomar.com\/pt-pt\/nos\/#primaryimage","url":"https:\/\/arumesdomar.com\/wp-content\/uploads\/arumes-do-mar-e-motana-turismo-rural-apartamentos-turisticos-viveiro-covas-marina-lucense-panoramica-exterior-2-min-1024x512.webp","contentUrl":"https:\/\/arumesdomar.com\/wp-content\/uploads\/arumes-do-mar-e-motana-turismo-rural-apartamentos-turisticos-viveiro-covas-marina-lucense-panoramica-exterior-2-min-1024x512.webp"},{"@type":"BreadcrumbList","@id":"https:\/\/arumesdomar.com\/pt-pt\/nos\/#breadcrumb","itemListElement":[{"@type":"ListItem","position":1,"name":"Portada","item":"https:\/\/arumesdomar.com\/pt-pt\/inicio\/"},{"@type":"ListItem","position":2,"name":"N\u00f3s"}]},{"@type":"WebSite","@id":"https:\/\/arumesdomar.com\/#website","url":"https:\/\/arumesdomar.com\/","name":"Arumes do Mar e Monta\u00f1a","description":"Apartamentos Tur\u00edsticos en Viveiro","publisher":{"@id":"https:\/\/arumesdomar.com\/#organization"},"potentialAction":[{"@type":"SearchAction","target":{"@type":"EntryPoint","urlTemplate":"https:\/\/arumesdomar.com\/?s={search_term_string}"},"query-input":"required name=search_term_string"}],"inLanguage":"pt-PT"},{"@type":["Organization","Place"],"@id":"https:\/\/arumesdomar.com\/#organization","name":"Arumes do Mar e Monta\u00f1a","url":"https:\/\/arumesdomar.com\/","logo":{"@id":"https:\/\/arumesdomar.com\/pt-pt\/nos\/#local-main-organization-logo"},"image":{"@id":"https:\/\/arumesdomar.com\/pt-pt\/nos\/#local-main-organization-logo"},"sameAs":["https:\/\/www.facebook.com\/arumesdomar","https:\/\/instagram.com\/arumesdomar_viveiro","https:\/\/www.tiktok.com\/@arumesdomar"],"telephone":[],"openingHoursSpecification":[{"@type":"OpeningHoursSpecification","dayOfWeek":["Monday","Tuesday","Wednesday","Thursday","Friday","Saturday","Sunday"],"opens":"09:00","closes":"17:00"}]},{"@type":"ImageObject","inLanguage":"pt-PT","@id":"https:\/\/arumesdomar.com\/pt-pt\/nos\/#local-main-organization-logo","url":"https:\/\/arumesdomar.com\/wp-content\/uploads\/arumes-do-mar-e-motana-turismo-rural-apartamentos-turisticos-viveiro-covas-marina-lucense.png","contentUrl":"https:\/\/arumesdomar.com\/wp-content\/uploads\/arumes-do-mar-e-motana-turismo-rural-apartamentos-turisticos-viveiro-covas-marina-lucense.png","width":1890,"height":1181,"caption":"Arumes do Mar e Monta\u00f1a"}]}},"_links":{"self":[{"href":"https:\/\/arumesdomar.com\/pt-pt\/wp-json\/wp\/v2\/pages\/1719"}],"collection":[{"href":"https:\/\/arumesdomar.com\/pt-pt\/wp-json\/wp\/v2\/pages"}],"about":[{"href":"https:\/\/arumesdomar.com\/pt-pt\/wp-json\/wp\/v2\/types\/page"}],"author":[{"embeddable":true,"href":"https:\/\/arumesdomar.com\/pt-pt\/wp-json\/wp\/v2\/users\/2"}],"replies":[{"embeddable":true,"href":"https:\/\/arumesdomar.com\/pt-pt\/wp-json\/wp\/v2\/comments?post=1719"}],"version-history":[{"count":1,"href":"https:\/\/arumesdomar.com\/pt-pt\/wp-json\/wp\/v2\/pages\/1719\/revisions"}],"predecessor-version":[{"id":1720,"href":"https:\/\/arumesdomar.com\/pt-pt\/wp-json\/wp\/v2\/pages\/1719\/revisions\/1720"}],"wp:attachment":[{"href":"https:\/\/arumesdomar.com\/pt-pt\/wp-json\/wp\/v2\/media?parent=1719"}],"curies":[{"name":"wp","href":"https:\/\/api.w.org\/{rel}","templated":true}]}}