{"id":1715,"date":"2024-04-18T10:32:57","date_gmt":"2024-04-18T08:32:57","guid":{"rendered":"https:\/\/arumesdomar.com\/nous\/"},"modified":"2024-05-01T23:58:32","modified_gmt":"2024-05-01T21:58:32","slug":"nous","status":"publish","type":"page","link":"https:\/\/arumesdomar.com\/fr\/nous\/","title":{"rendered":"Nous"},"content":{"rendered":"\t\t<div data-elementor-type=\"wp-page\" data-elementor-id=\"1715\" class=\"elementor elementor-1715 elementor-235\" data-elementor-post-type=\"page\">\n\t\t\t\t<div class=\"elementor-element elementor-element-66572b96 e-flex e-con-boxed e-con e-parent\" data-id=\"66572b96\" data-element_type=\"container\" data-settings=\"{&quot;background_background&quot;:&quot;classic&quot;}\">\n\t\t\t\t\t<div class=\"e-con-inner\">\n\t\t<div class=\"elementor-element elementor-element-76ccba1 e-con-full e-flex e-con e-child\" data-id=\"76ccba1\" data-element_type=\"container\">\n\t\t\t\t<div class=\"elementor-element elementor-element-ab129aa elementor-widget elementor-widget-heading\" data-id=\"ab129aa\" data-element_type=\"widget\" data-widget_type=\"heading.default\">\n\t\t\t\t<div class=\"elementor-widget-container\">\n\t\t\t<style>\/*! elementor - v3.23.0 - 05-08-2024 *\/\n.elementor-heading-title{padding:0;margin:0;line-height:1}.elementor-widget-heading .elementor-heading-title[class*=elementor-size-]>a{color:inherit;font-size:inherit;line-height:inherit}.elementor-widget-heading .elementor-heading-title.elementor-size-small{font-size:15px}.elementor-widget-heading .elementor-heading-title.elementor-size-medium{font-size:19px}.elementor-widget-heading .elementor-heading-title.elementor-size-large{font-size:29px}.elementor-widget-heading .elementor-heading-title.elementor-size-xl{font-size:39px}.elementor-widget-heading .elementor-heading-title.elementor-size-xxl{font-size:59px}<\/style><h2 class=\"elementor-heading-title elementor-size-default\">A propos de nous<\/h2>\t\t<\/div>\n\t\t\t\t<\/div>\n\t\t\t\t<div class=\"elementor-element elementor-element-248e079 elementor-widget__width-initial elementor-widget-mobile__width-inherit elementor-widget elementor-widget-text-editor\" data-id=\"248e079\" data-element_type=\"widget\" data-widget_type=\"text-editor.default\">\n\t\t\t\t<div class=\"elementor-widget-container\">\n\t\t\t<style>\/*! elementor - v3.23.0 - 05-08-2024 *\/\n.elementor-widget-text-editor.elementor-drop-cap-view-stacked .elementor-drop-cap{background-color:#69727d;color:#fff}.elementor-widget-text-editor.elementor-drop-cap-view-framed .elementor-drop-cap{color:#69727d;border:3px solid;background-color:transparent}.elementor-widget-text-editor:not(.elementor-drop-cap-view-default) .elementor-drop-cap{margin-top:8px}.elementor-widget-text-editor:not(.elementor-drop-cap-view-default) .elementor-drop-cap-letter{width:1em;height:1em}.elementor-widget-text-editor .elementor-drop-cap{float:left;text-align:center;line-height:1;font-size:50px}.elementor-widget-text-editor .elementor-drop-cap-letter{display:inline-block}<\/style>\t\t\t\t<p>D\u00e9couvrez le refuge id\u00e9al sur la c\u00f4te de Lugo \u00e0 Arumes do Mar e Monta\u00f1a. Plongez dans la beaut\u00e9 de la mer de Lugo, o\u00f9 mer et montagne se rencontrent pour vous offrir une exp\u00e9rience unique. <\/p>\n\t\t\t\t\t\t<\/div>\n\t\t\t\t<\/div>\n\t\t\t\t<\/div>\n\t\t\t\t\t<\/div>\n\t\t\t\t<\/div>\n\t\t<div class=\"elementor-element elementor-element-70930a6c e-flex e-con-boxed e-con e-parent\" data-id=\"70930a6c\" data-element_type=\"container\">\n\t\t\t\t\t<div class=\"e-con-inner\">\n\t\t\t\t<div class=\"elementor-element elementor-element-6ae643a3 elementor-widget-tablet__width-initial elementor-invisible elementor-widget elementor-widget-heading\" data-id=\"6ae643a3\" data-element_type=\"widget\" data-settings=\"{&quot;_animation&quot;:&quot;fadeIn&quot;}\" data-widget_type=\"heading.default\">\n\t\t\t\t<div class=\"elementor-widget-container\">\n\t\t\t<h2 class=\"elementor-heading-title elementor-size-default\">Un coin de paix et de tranquillit\u00e9<\/h2>\t\t<\/div>\n\t\t\t\t<\/div>\n\t\t\t\t<div class=\"elementor-element elementor-element-1260f12c elementor-widget__width-initial elementor-widget-mobile__width-inherit elementor-invisible elementor-widget elementor-widget-text-editor\" data-id=\"1260f12c\" data-element_type=\"widget\" data-settings=\"{&quot;_animation&quot;:&quot;fadeIn&quot;,&quot;_animation_delay&quot;:&quot;200&quot;}\" data-widget_type=\"text-editor.default\">\n\t\t\t\t<div class=\"elementor-widget-container\">\n\t\t\t\t\t\t\t<p>Les appartements Arumes do Mar e Monta\u00f1a &#8211; Viveiro sont situ\u00e9s \u00e0 500 m de la plage de Covas, dans la municipalit\u00e9 de Viveiro, dans la Mari\u00f1a Occidental Lucense. Ils se trouvent entre la mer et les montagnes, ce qui leur conf\u00e8re d&rsquo;excellentes vues et une grande tranquillit\u00e9. Cela permet de pratiquer les sports de montagne, la randonn\u00e9e et l&rsquo;escalade, ainsi que les sports de mer, le surf et le cano\u00eb-kayak dans l&rsquo;estuaire.   <\/p>\n<p>Tous les logements disposent d&rsquo;une kitchenette enti\u00e8rement \u00e9quip\u00e9e, d&rsquo;un coin salon avec canap\u00e9, d&rsquo;une t\u00e9l\u00e9vision \u00e0 \u00e9cran plat et d&rsquo;une salle de bains privative avec douche. Une connexion Wi-Fi est \u00e9galement disponible. <\/p>\n<p>L&rsquo;\u00e9tablissement dispose d&rsquo;un terrain de 3 000 m, avec des aires de barbecue, des meubles de jardin et des kiosques.<\/p>\n<p>Les Apartamentos Arumes do Mar e Monta\u00f1a &#8211; Viveiro se trouvent \u00e0 proximit\u00e9 de nombreuses plages telles que la plage d&rsquo;Abrela (o\u00f9 se trouve O Fuci\u00f1o do Porco), San Rom\u00e1n, Xilloi, Area Longa. Une demi-heure de l&rsquo;Estaca de Bares et 50 minutes de la plage d&rsquo;As Catedrales. L&rsquo;a\u00e9roport le plus proche est celui de La Corogne, \u00e0 109 km. Le train FEVE se trouve \u00e0 100 m et la gare routi\u00e8re de Viveiro \u00e0 1,8 km. La ville fortifi\u00e9e de Lugo se trouve \u00e0 une heure de route.    <\/p>\n<p>Les secrets \u00e0 conna\u00eetre : O abuelo, le plus vieil eucalyptus d&rsquo;Europe, \u00e0 Souto da Retorta. La cascade de Pozo da Ferida. A Coba da Doncella et San Juan Viejo, dans le Cargadero de Insua. La plage d&rsquo;Alegr\u00edn. Les miradors de Monte San Roque, Monte Castelo et Montefaro. Et tout ce que vous pouvez d\u00e9couvrir.     <\/p>\n\t\t\t\t\t\t<\/div>\n\t\t\t\t<\/div>\n\t\t\t\t<div class=\"elementor-element elementor-element-85c8c7f elementor-widget__width-initial elementor-widget-mobile__width-inherit elementor-widget elementor-widget-image\" data-id=\"85c8c7f\" data-element_type=\"widget\" data-widget_type=\"image.default\">\n\t\t\t\t<div class=\"elementor-widget-container\">\n\t\t\t<style>\/*! elementor - v3.23.0 - 05-08-2024 *\/\n.elementor-widget-image{text-align:center}.elementor-widget-image a{display:inline-block}.elementor-widget-image a img[src$=\".svg\"]{width:48px}.elementor-widget-image img{vertical-align:middle;display:inline-block}<\/style>\t\t\t\t\t\t\t\t\t\t<img fetchpriority=\"high\" decoding=\"async\" width=\"800\" height=\"400\" src=\"https:\/\/arumesdomar.com\/wp-content\/uploads\/arumes-do-mar-e-motana-turismo-rural-apartamentos-turisticos-viveiro-covas-marina-lucense-panoramica-exterior-2-min-1024x512.webp\" class=\"attachment-large size-large wp-image-1089\" alt=\"\" srcset=\"https:\/\/arumesdomar.com\/wp-content\/uploads\/arumes-do-mar-e-motana-turismo-rural-apartamentos-turisticos-viveiro-covas-marina-lucense-panoramica-exterior-2-min-1024x512.webp 1024w, https:\/\/arumesdomar.com\/wp-content\/uploads\/arumes-do-mar-e-motana-turismo-rural-apartamentos-turisticos-viveiro-covas-marina-lucense-panoramica-exterior-2-min-300x150.webp 300w, https:\/\/arumesdomar.com\/wp-content\/uploads\/arumes-do-mar-e-motana-turismo-rural-apartamentos-turisticos-viveiro-covas-marina-lucense-panoramica-exterior-2-min-768x384.webp 768w, https:\/\/arumesdomar.com\/wp-content\/uploads\/arumes-do-mar-e-motana-turismo-rural-apartamentos-turisticos-viveiro-covas-marina-lucense-panoramica-exterior-2-min-1536x768.webp 1536w, https:\/\/arumesdomar.com\/wp-content\/uploads\/arumes-do-mar-e-motana-turismo-rural-apartamentos-turisticos-viveiro-covas-marina-lucense-panoramica-exterior-2-min-2048x1024.webp 2048w\" sizes=\"(max-width: 800px) 100vw, 800px\" \/>\t\t\t\t\t\t\t\t\t\t\t\t\t<\/div>\n\t\t\t\t<\/div>\n\t\t\t\t\t<\/div>\n\t\t\t\t<\/div>\n\t\t\t\t<\/div>\n\t\t","protected":false},"excerpt":{"rendered":"<p>A propos de nous D\u00e9couvrez le refuge id\u00e9al sur la c\u00f4te de Lugo \u00e0 Arumes do Mar e Monta\u00f1a. Plongez dans la beaut\u00e9 de la mer de Lugo, o\u00f9 mer et montagne se rencontrent pour vous offrir une exp\u00e9rience unique. Un coin de paix et de tranquillit\u00e9 Les appartements Arumes do Mar e Monta\u00f1a &#8211; [&hellip;]<\/p>\n","protected":false},"author":2,"featured_media":0,"parent":0,"menu_order":0,"comment_status":"closed","ping_status":"closed","template":"elementor_header_footer","meta":{"_joinchat":[],"footnotes":""},"class_list":["post-1715","page","type-page","status-publish","hentry"],"yoast_head":"<!-- This site is optimized with the Yoast SEO Premium plugin v22.5 (Yoast SEO v23.1) - https:\/\/yoast.com\/wordpress\/plugins\/seo\/ -->\n<title>Nous - Arumes do Mar e Monta\u00f1a<\/title>\n<meta name=\"robots\" content=\"index, follow, max-snippet:-1, max-image-preview:large, max-video-preview:-1\" \/>\n<link rel=\"canonical\" href=\"https:\/\/arumesdomar.com\/fr\/nous\/\" \/>\n<meta property=\"og:locale\" content=\"fr_FR\" \/>\n<meta property=\"og:type\" content=\"article\" \/>\n<meta property=\"og:title\" content=\"Nous\" \/>\n<meta property=\"og:description\" content=\"A propos de nous D\u00e9couvrez le refuge id\u00e9al sur la c\u00f4te de Lugo \u00e0 Arumes do Mar e Monta\u00f1a. Plongez dans la beaut\u00e9 de la mer de Lugo, o\u00f9 mer et montagne se rencontrent pour vous offrir une exp\u00e9rience unique. Un coin de paix et de tranquillit\u00e9 Les appartements Arumes do Mar e Monta\u00f1a &#8211; [&hellip;]\" \/>\n<meta property=\"og:url\" content=\"https:\/\/arumesdomar.com\/fr\/nous\/\" \/>\n<meta property=\"og:site_name\" content=\"Arumes do Mar e Monta\u00f1a\" \/>\n<meta property=\"article:publisher\" content=\"https:\/\/www.facebook.com\/arumesdomar\" \/>\n<meta property=\"article:modified_time\" content=\"2024-05-01T21:58:32+00:00\" \/>\n<meta property=\"og:image\" content=\"https:\/\/arumesdomar.com\/wp-content\/uploads\/arumes-do-mar-e-motana-turismo-rural-apartamentos-turisticos-viveiro-covas-marina-lucense-panoramica-exterior-2-min-1024x512.webp\" \/>\n<meta name=\"twitter:card\" content=\"summary_large_image\" \/>\n<meta name=\"twitter:label1\" content=\"Dur\u00e9e de lecture estim\u00e9e\" \/>\n\t<meta name=\"twitter:data1\" content=\"2 minutes\" \/>\n<script type=\"application\/ld+json\" class=\"yoast-schema-graph\">{\"@context\":\"https:\/\/schema.org\",\"@graph\":[{\"@type\":\"WebPage\",\"@id\":\"https:\/\/arumesdomar.com\/fr\/nous\/\",\"url\":\"https:\/\/arumesdomar.com\/fr\/nous\/\",\"name\":\"Nous - Arumes do Mar e Monta\u00f1a\",\"isPartOf\":{\"@id\":\"https:\/\/arumesdomar.com\/#website\"},\"primaryImageOfPage\":{\"@id\":\"https:\/\/arumesdomar.com\/fr\/nous\/#primaryimage\"},\"image\":{\"@id\":\"https:\/\/arumesdomar.com\/fr\/nous\/#primaryimage\"},\"thumbnailUrl\":\"https:\/\/arumesdomar.com\/wp-content\/uploads\/arumes-do-mar-e-motana-turismo-rural-apartamentos-turisticos-viveiro-covas-marina-lucense-panoramica-exterior-2-min-1024x512.webp\",\"datePublished\":\"2024-04-18T08:32:57+00:00\",\"dateModified\":\"2024-05-01T21:58:32+00:00\",\"breadcrumb\":{\"@id\":\"https:\/\/arumesdomar.com\/fr\/nous\/#breadcrumb\"},\"inLanguage\":\"fr-FR\",\"potentialAction\":[{\"@type\":\"ReadAction\",\"target\":[\"https:\/\/arumesdomar.com\/fr\/nous\/\"]}]},{\"@type\":\"ImageObject\",\"inLanguage\":\"fr-FR\",\"@id\":\"https:\/\/arumesdomar.com\/fr\/nous\/#primaryimage\",\"url\":\"https:\/\/arumesdomar.com\/wp-content\/uploads\/arumes-do-mar-e-motana-turismo-rural-apartamentos-turisticos-viveiro-covas-marina-lucense-panoramica-exterior-2-min-1024x512.webp\",\"contentUrl\":\"https:\/\/arumesdomar.com\/wp-content\/uploads\/arumes-do-mar-e-motana-turismo-rural-apartamentos-turisticos-viveiro-covas-marina-lucense-panoramica-exterior-2-min-1024x512.webp\"},{\"@type\":\"BreadcrumbList\",\"@id\":\"https:\/\/arumesdomar.com\/fr\/nous\/#breadcrumb\",\"itemListElement\":[{\"@type\":\"ListItem\",\"position\":1,\"name\":\"Portada\",\"item\":\"https:\/\/arumesdomar.com\/fr\/accueil\/\"},{\"@type\":\"ListItem\",\"position\":2,\"name\":\"Nous\"}]},{\"@type\":\"WebSite\",\"@id\":\"https:\/\/arumesdomar.com\/#website\",\"url\":\"https:\/\/arumesdomar.com\/\",\"name\":\"Arumes do Mar e Monta\u00f1a\",\"description\":\"Apartamentos Tur\u00edsticos en Viveiro\",\"publisher\":{\"@id\":\"https:\/\/arumesdomar.com\/#organization\"},\"potentialAction\":[{\"@type\":\"SearchAction\",\"target\":{\"@type\":\"EntryPoint\",\"urlTemplate\":\"https:\/\/arumesdomar.com\/?s={search_term_string}\"},\"query-input\":\"required name=search_term_string\"}],\"inLanguage\":\"fr-FR\"},{\"@type\":[\"Organization\",\"Place\"],\"@id\":\"https:\/\/arumesdomar.com\/#organization\",\"name\":\"Arumes do Mar e Monta\u00f1a\",\"url\":\"https:\/\/arumesdomar.com\/\",\"logo\":{\"@id\":\"https:\/\/arumesdomar.com\/fr\/nous\/#local-main-organization-logo\"},\"image\":{\"@id\":\"https:\/\/arumesdomar.com\/fr\/nous\/#local-main-organization-logo\"},\"sameAs\":[\"https:\/\/www.facebook.com\/arumesdomar\",\"https:\/\/instagram.com\/arumesdomar_viveiro\",\"https:\/\/www.tiktok.com\/@arumesdomar\"],\"telephone\":[],\"openingHoursSpecification\":[{\"@type\":\"OpeningHoursSpecification\",\"dayOfWeek\":[\"Monday\",\"Tuesday\",\"Wednesday\",\"Thursday\",\"Friday\",\"Saturday\",\"Sunday\"],\"opens\":\"09:00\",\"closes\":\"17:00\"}]},{\"@type\":\"ImageObject\",\"inLanguage\":\"fr-FR\",\"@id\":\"https:\/\/arumesdomar.com\/fr\/nous\/#local-main-organization-logo\",\"url\":\"https:\/\/arumesdomar.com\/wp-content\/uploads\/arumes-do-mar-e-motana-turismo-rural-apartamentos-turisticos-viveiro-covas-marina-lucense.png\",\"contentUrl\":\"https:\/\/arumesdomar.com\/wp-content\/uploads\/arumes-do-mar-e-motana-turismo-rural-apartamentos-turisticos-viveiro-covas-marina-lucense.png\",\"width\":1890,\"height\":1181,\"caption\":\"Arumes do Mar e Monta\u00f1a\"}]}<\/script>\n<!-- \/ Yoast SEO Premium plugin. -->","yoast_head_json":{"title":"Nous - Arumes do Mar e Monta\u00f1a","robots":{"index":"index","follow":"follow","max-snippet":"max-snippet:-1","max-image-preview":"max-image-preview:large","max-video-preview":"max-video-preview:-1"},"canonical":"https:\/\/arumesdomar.com\/fr\/nous\/","og_locale":"fr_FR","og_type":"article","og_title":"Nous","og_description":"A propos de nous D\u00e9couvrez le refuge id\u00e9al sur la c\u00f4te de Lugo \u00e0 Arumes do Mar e Monta\u00f1a. Plongez dans la beaut\u00e9 de la mer de Lugo, o\u00f9 mer et montagne se rencontrent pour vous offrir une exp\u00e9rience unique. Un coin de paix et de tranquillit\u00e9 Les appartements Arumes do Mar e Monta\u00f1a &#8211; [&hellip;]","og_url":"https:\/\/arumesdomar.com\/fr\/nous\/","og_site_name":"Arumes do Mar e Monta\u00f1a","article_publisher":"https:\/\/www.facebook.com\/arumesdomar","article_modified_time":"2024-05-01T21:58:32+00:00","og_image":[{"url":"https:\/\/arumesdomar.com\/wp-content\/uploads\/arumes-do-mar-e-motana-turismo-rural-apartamentos-turisticos-viveiro-covas-marina-lucense-panoramica-exterior-2-min-1024x512.webp"}],"twitter_card":"summary_large_image","twitter_misc":{"Dur\u00e9e de lecture estim\u00e9e":"2 minutes"},"schema":{"@context":"https:\/\/schema.org","@graph":[{"@type":"WebPage","@id":"https:\/\/arumesdomar.com\/fr\/nous\/","url":"https:\/\/arumesdomar.com\/fr\/nous\/","name":"Nous - Arumes do Mar e Monta\u00f1a","isPartOf":{"@id":"https:\/\/arumesdomar.com\/#website"},"primaryImageOfPage":{"@id":"https:\/\/arumesdomar.com\/fr\/nous\/#primaryimage"},"image":{"@id":"https:\/\/arumesdomar.com\/fr\/nous\/#primaryimage"},"thumbnailUrl":"https:\/\/arumesdomar.com\/wp-content\/uploads\/arumes-do-mar-e-motana-turismo-rural-apartamentos-turisticos-viveiro-covas-marina-lucense-panoramica-exterior-2-min-1024x512.webp","datePublished":"2024-04-18T08:32:57+00:00","dateModified":"2024-05-01T21:58:32+00:00","breadcrumb":{"@id":"https:\/\/arumesdomar.com\/fr\/nous\/#breadcrumb"},"inLanguage":"fr-FR","potentialAction":[{"@type":"ReadAction","target":["https:\/\/arumesdomar.com\/fr\/nous\/"]}]},{"@type":"ImageObject","inLanguage":"fr-FR","@id":"https:\/\/arumesdomar.com\/fr\/nous\/#primaryimage","url":"https:\/\/arumesdomar.com\/wp-content\/uploads\/arumes-do-mar-e-motana-turismo-rural-apartamentos-turisticos-viveiro-covas-marina-lucense-panoramica-exterior-2-min-1024x512.webp","contentUrl":"https:\/\/arumesdomar.com\/wp-content\/uploads\/arumes-do-mar-e-motana-turismo-rural-apartamentos-turisticos-viveiro-covas-marina-lucense-panoramica-exterior-2-min-1024x512.webp"},{"@type":"BreadcrumbList","@id":"https:\/\/arumesdomar.com\/fr\/nous\/#breadcrumb","itemListElement":[{"@type":"ListItem","position":1,"name":"Portada","item":"https:\/\/arumesdomar.com\/fr\/accueil\/"},{"@type":"ListItem","position":2,"name":"Nous"}]},{"@type":"WebSite","@id":"https:\/\/arumesdomar.com\/#website","url":"https:\/\/arumesdomar.com\/","name":"Arumes do Mar e Monta\u00f1a","description":"Apartamentos Tur\u00edsticos en Viveiro","publisher":{"@id":"https:\/\/arumesdomar.com\/#organization"},"potentialAction":[{"@type":"SearchAction","target":{"@type":"EntryPoint","urlTemplate":"https:\/\/arumesdomar.com\/?s={search_term_string}"},"query-input":"required name=search_term_string"}],"inLanguage":"fr-FR"},{"@type":["Organization","Place"],"@id":"https:\/\/arumesdomar.com\/#organization","name":"Arumes do Mar e Monta\u00f1a","url":"https:\/\/arumesdomar.com\/","logo":{"@id":"https:\/\/arumesdomar.com\/fr\/nous\/#local-main-organization-logo"},"image":{"@id":"https:\/\/arumesdomar.com\/fr\/nous\/#local-main-organization-logo"},"sameAs":["https:\/\/www.facebook.com\/arumesdomar","https:\/\/instagram.com\/arumesdomar_viveiro","https:\/\/www.tiktok.com\/@arumesdomar"],"telephone":[],"openingHoursSpecification":[{"@type":"OpeningHoursSpecification","dayOfWeek":["Monday","Tuesday","Wednesday","Thursday","Friday","Saturday","Sunday"],"opens":"09:00","closes":"17:00"}]},{"@type":"ImageObject","inLanguage":"fr-FR","@id":"https:\/\/arumesdomar.com\/fr\/nous\/#local-main-organization-logo","url":"https:\/\/arumesdomar.com\/wp-content\/uploads\/arumes-do-mar-e-motana-turismo-rural-apartamentos-turisticos-viveiro-covas-marina-lucense.png","contentUrl":"https:\/\/arumesdomar.com\/wp-content\/uploads\/arumes-do-mar-e-motana-turismo-rural-apartamentos-turisticos-viveiro-covas-marina-lucense.png","width":1890,"height":1181,"caption":"Arumes do Mar e Monta\u00f1a"}]}},"_links":{"self":[{"href":"https:\/\/arumesdomar.com\/fr\/wp-json\/wp\/v2\/pages\/1715"}],"collection":[{"href":"https:\/\/arumesdomar.com\/fr\/wp-json\/wp\/v2\/pages"}],"about":[{"href":"https:\/\/arumesdomar.com\/fr\/wp-json\/wp\/v2\/types\/page"}],"author":[{"embeddable":true,"href":"https:\/\/arumesdomar.com\/fr\/wp-json\/wp\/v2\/users\/2"}],"replies":[{"embeddable":true,"href":"https:\/\/arumesdomar.com\/fr\/wp-json\/wp\/v2\/comments?post=1715"}],"version-history":[{"count":1,"href":"https:\/\/arumesdomar.com\/fr\/wp-json\/wp\/v2\/pages\/1715\/revisions"}],"predecessor-version":[{"id":1716,"href":"https:\/\/arumesdomar.com\/fr\/wp-json\/wp\/v2\/pages\/1715\/revisions\/1716"}],"wp:attachment":[{"href":"https:\/\/arumesdomar.com\/fr\/wp-json\/wp\/v2\/media?parent=1715"}],"curies":[{"name":"wp","href":"https:\/\/api.w.org\/{rel}","templated":true}]}}