{"id":1627,"date":"2024-04-18T10:32:57","date_gmt":"2024-04-18T08:32:57","guid":{"rendered":"https:\/\/arumesdomar.com\/about-us\/"},"modified":"2024-05-01T10:00:37","modified_gmt":"2024-05-01T08:00:37","slug":"about-us","status":"publish","type":"page","link":"https:\/\/arumesdomar.com\/en\/about-us\/","title":{"rendered":"About us"},"content":{"rendered":"\t\t<div data-elementor-type=\"wp-page\" data-elementor-id=\"1627\" class=\"elementor elementor-1627 elementor-235\" data-elementor-post-type=\"page\">\n\t\t\t\t<div class=\"elementor-element elementor-element-66572b96 e-flex e-con-boxed e-con e-parent\" data-id=\"66572b96\" data-element_type=\"container\" data-settings=\"{&quot;background_background&quot;:&quot;classic&quot;}\">\n\t\t\t\t\t<div class=\"e-con-inner\">\n\t\t<div class=\"elementor-element elementor-element-76ccba1 e-con-full e-flex e-con e-child\" data-id=\"76ccba1\" data-element_type=\"container\">\n\t\t\t\t<div class=\"elementor-element elementor-element-ab129aa elementor-widget elementor-widget-heading\" data-id=\"ab129aa\" data-element_type=\"widget\" data-widget_type=\"heading.default\">\n\t\t\t\t<div class=\"elementor-widget-container\">\n\t\t\t<style>\/*! elementor - v3.23.0 - 05-08-2024 *\/\n.elementor-heading-title{padding:0;margin:0;line-height:1}.elementor-widget-heading .elementor-heading-title[class*=elementor-size-]>a{color:inherit;font-size:inherit;line-height:inherit}.elementor-widget-heading .elementor-heading-title.elementor-size-small{font-size:15px}.elementor-widget-heading .elementor-heading-title.elementor-size-medium{font-size:19px}.elementor-widget-heading .elementor-heading-title.elementor-size-large{font-size:29px}.elementor-widget-heading .elementor-heading-title.elementor-size-xl{font-size:39px}.elementor-widget-heading .elementor-heading-title.elementor-size-xxl{font-size:59px}<\/style><h2 class=\"elementor-heading-title elementor-size-default\">About us<\/h2>\t\t<\/div>\n\t\t\t\t<\/div>\n\t\t\t\t<div class=\"elementor-element elementor-element-248e079 elementor-widget__width-initial elementor-widget-mobile__width-inherit elementor-widget elementor-widget-text-editor\" data-id=\"248e079\" data-element_type=\"widget\" data-widget_type=\"text-editor.default\">\n\t\t\t\t<div class=\"elementor-widget-container\">\n\t\t\t<style>\/*! elementor - v3.23.0 - 05-08-2024 *\/\n.elementor-widget-text-editor.elementor-drop-cap-view-stacked .elementor-drop-cap{background-color:#69727d;color:#fff}.elementor-widget-text-editor.elementor-drop-cap-view-framed .elementor-drop-cap{color:#69727d;border:3px solid;background-color:transparent}.elementor-widget-text-editor:not(.elementor-drop-cap-view-default) .elementor-drop-cap{margin-top:8px}.elementor-widget-text-editor:not(.elementor-drop-cap-view-default) .elementor-drop-cap-letter{width:1em;height:1em}.elementor-widget-text-editor .elementor-drop-cap{float:left;text-align:center;line-height:1;font-size:50px}.elementor-widget-text-editor .elementor-drop-cap-letter{display:inline-block}<\/style>\t\t\t\t<p>Discover the perfect retreat on the coast of Lugo at Arumes do Mar e Monta\u00f1a. Immerse yourself in the beauty of the mari\u00f1a lucense, where the sea and the mountains meet to offer you a unique experience.<\/p>\n\t\t\t\t\t\t<\/div>\n\t\t\t\t<\/div>\n\t\t\t\t<\/div>\n\t\t\t\t\t<\/div>\n\t\t\t\t<\/div>\n\t\t<div class=\"elementor-element elementor-element-70930a6c e-flex e-con-boxed e-con e-parent\" data-id=\"70930a6c\" data-element_type=\"container\">\n\t\t\t\t\t<div class=\"e-con-inner\">\n\t\t\t\t<div class=\"elementor-element elementor-element-6ae643a3 elementor-widget-tablet__width-initial elementor-invisible elementor-widget elementor-widget-heading\" data-id=\"6ae643a3\" data-element_type=\"widget\" data-settings=\"{&quot;_animation&quot;:&quot;fadeIn&quot;}\" data-widget_type=\"heading.default\">\n\t\t\t\t<div class=\"elementor-widget-container\">\n\t\t\t<h2 class=\"elementor-heading-title elementor-size-default\">A corner of peace and tranquillity<\/h2>\t\t<\/div>\n\t\t\t\t<\/div>\n\t\t\t\t<div class=\"elementor-element elementor-element-1260f12c elementor-widget__width-initial elementor-widget-mobile__width-inherit elementor-invisible elementor-widget elementor-widget-text-editor\" data-id=\"1260f12c\" data-element_type=\"widget\" data-settings=\"{&quot;_animation&quot;:&quot;fadeIn&quot;,&quot;_animation_delay&quot;:&quot;200&quot;}\" data-widget_type=\"text-editor.default\">\n\t\t\t\t<div class=\"elementor-widget-container\">\n\t\t\t\t\t\t\t<p>Apartamentos Arumes do Mar e Monta\u00f1a &#8211; Viveiro is 500 metres away. Covas Beach, located in the municipality of Viveiro, in the Mari\u00f1a Occidental Lucense. It is located between the sea and the mountains, providing excellent views and tranquillity. This makes it possible to practice mountain sports, hiking and climbing, as well as sea sports, surfing and canoeing along the estuary.   <\/p>\n<p>All accommodation features a fully equipped kitchenette, a seating area with a sofa, a flat-screen TV and a private bathroom with a shower. Wi-Fi is also available. <\/p>\n<p>The establishment has a plot of 3,000 m, with barbecue areas, garden furniture and gazebos.<\/p>\n<p>The Apartamentos Arumes do Mar e Monta\u00f1a &#8211; Viveiro are close to numerous beaches such as Abrela Beach (where O Fuci\u00f1o do Porco is located), San Rom\u00e1n, Xilloi, Area Longa. Half an hour from Estaca de Bares and 50 minutes from As Catedrales beach. The nearest airport is A Coru\u00f1a, 109 km away. With the FEVE train 100 m away and the Viveiro bus station 1.8 km away. The Walled City of Lugo is an hour&#8217;s drive away.    <\/p>\n<p>Secrets to know: O abuelo, the oldest eucalyptus tree in Europe, in Souto da Retorta. O Pozo da Ferida waterfall. A Coba da Doncella and San Juan Viejo, in the Cargadero de Insua. The beach of Alegr\u00edn. The viewpoint of Monte San Roque, Monte Castelo and Montefaro. And everything you can discover.     <\/p>\n\t\t\t\t\t\t<\/div>\n\t\t\t\t<\/div>\n\t\t\t\t<div class=\"elementor-element elementor-element-85c8c7f elementor-widget__width-initial elementor-widget-mobile__width-inherit elementor-widget elementor-widget-image\" data-id=\"85c8c7f\" data-element_type=\"widget\" data-widget_type=\"image.default\">\n\t\t\t\t<div class=\"elementor-widget-container\">\n\t\t\t<style>\/*! elementor - v3.23.0 - 05-08-2024 *\/\n.elementor-widget-image{text-align:center}.elementor-widget-image a{display:inline-block}.elementor-widget-image a img[src$=\".svg\"]{width:48px}.elementor-widget-image img{vertical-align:middle;display:inline-block}<\/style>\t\t\t\t\t\t\t\t\t\t<img fetchpriority=\"high\" decoding=\"async\" width=\"800\" height=\"400\" src=\"https:\/\/arumesdomar.com\/wp-content\/uploads\/arumes-do-mar-e-motana-turismo-rural-apartamentos-turisticos-viveiro-covas-marina-lucense-panoramica-exterior-2-min-1024x512.webp\" class=\"attachment-large size-large wp-image-1088\" alt=\"\" srcset=\"https:\/\/arumesdomar.com\/wp-content\/uploads\/arumes-do-mar-e-motana-turismo-rural-apartamentos-turisticos-viveiro-covas-marina-lucense-panoramica-exterior-2-min-1024x512.webp 1024w, https:\/\/arumesdomar.com\/wp-content\/uploads\/arumes-do-mar-e-motana-turismo-rural-apartamentos-turisticos-viveiro-covas-marina-lucense-panoramica-exterior-2-min-300x150.webp 300w, https:\/\/arumesdomar.com\/wp-content\/uploads\/arumes-do-mar-e-motana-turismo-rural-apartamentos-turisticos-viveiro-covas-marina-lucense-panoramica-exterior-2-min-768x384.webp 768w, https:\/\/arumesdomar.com\/wp-content\/uploads\/arumes-do-mar-e-motana-turismo-rural-apartamentos-turisticos-viveiro-covas-marina-lucense-panoramica-exterior-2-min-1536x768.webp 1536w, https:\/\/arumesdomar.com\/wp-content\/uploads\/arumes-do-mar-e-motana-turismo-rural-apartamentos-turisticos-viveiro-covas-marina-lucense-panoramica-exterior-2-min-2048x1024.webp 2048w\" sizes=\"(max-width: 800px) 100vw, 800px\" \/>\t\t\t\t\t\t\t\t\t\t\t\t\t<\/div>\n\t\t\t\t<\/div>\n\t\t\t\t\t<\/div>\n\t\t\t\t<\/div>\n\t\t\t\t<\/div>\n\t\t","protected":false},"excerpt":{"rendered":"<p>About us Discover the perfect retreat on the coast of Lugo at Arumes do Mar e Monta\u00f1a. Immerse yourself in the beauty of the mari\u00f1a lucense, where the sea and the mountains meet to offer you a unique experience. A corner of peace and tranquillity Apartamentos Arumes do Mar e Monta\u00f1a &#8211; Viveiro is 500 [&hellip;]<\/p>\n","protected":false},"author":2,"featured_media":0,"parent":0,"menu_order":0,"comment_status":"closed","ping_status":"closed","template":"elementor_header_footer","meta":{"_joinchat":[],"footnotes":""},"class_list":["post-1627","page","type-page","status-publish","hentry"],"yoast_head":"<!-- This site is optimized with the Yoast SEO Premium plugin v22.5 (Yoast SEO v23.1) - https:\/\/yoast.com\/wordpress\/plugins\/seo\/ -->\n<title>About us - Arumes do Mar e Monta\u00f1a<\/title>\n<meta name=\"robots\" content=\"index, follow, max-snippet:-1, max-image-preview:large, max-video-preview:-1\" \/>\n<link rel=\"canonical\" href=\"https:\/\/arumesdomar.com\/en\/about-us\/\" \/>\n<meta property=\"og:locale\" content=\"en_US\" \/>\n<meta property=\"og:type\" content=\"article\" \/>\n<meta property=\"og:title\" content=\"About us\" \/>\n<meta property=\"og:description\" content=\"About us Discover the perfect retreat on the coast of Lugo at Arumes do Mar e Monta\u00f1a. Immerse yourself in the beauty of the mari\u00f1a lucense, where the sea and the mountains meet to offer you a unique experience. A corner of peace and tranquillity Apartamentos Arumes do Mar e Monta\u00f1a &#8211; Viveiro is 500 [&hellip;]\" \/>\n<meta property=\"og:url\" content=\"https:\/\/arumesdomar.com\/en\/about-us\/\" \/>\n<meta property=\"og:site_name\" content=\"Arumes do Mar e Monta\u00f1a\" \/>\n<meta property=\"article:publisher\" content=\"https:\/\/www.facebook.com\/arumesdomar\" \/>\n<meta property=\"article:modified_time\" content=\"2024-05-01T08:00:37+00:00\" \/>\n<meta property=\"og:image\" content=\"https:\/\/arumesdomar.com\/wp-content\/uploads\/arumes-do-mar-e-motana-turismo-rural-apartamentos-turisticos-viveiro-covas-marina-lucense-panoramica-exterior-2-min-1024x512.webp\" \/>\n<meta name=\"twitter:card\" content=\"summary_large_image\" \/>\n<meta name=\"twitter:label1\" content=\"Est. reading time\" \/>\n\t<meta name=\"twitter:data1\" content=\"1 minute\" \/>\n<script type=\"application\/ld+json\" class=\"yoast-schema-graph\">{\"@context\":\"https:\/\/schema.org\",\"@graph\":[{\"@type\":\"WebPage\",\"@id\":\"https:\/\/arumesdomar.com\/en\/about-us\/\",\"url\":\"https:\/\/arumesdomar.com\/en\/about-us\/\",\"name\":\"About us - Arumes do Mar e Monta\u00f1a\",\"isPartOf\":{\"@id\":\"https:\/\/arumesdomar.com\/#website\"},\"primaryImageOfPage\":{\"@id\":\"https:\/\/arumesdomar.com\/en\/about-us\/#primaryimage\"},\"image\":{\"@id\":\"https:\/\/arumesdomar.com\/en\/about-us\/#primaryimage\"},\"thumbnailUrl\":\"https:\/\/arumesdomar.com\/wp-content\/uploads\/arumes-do-mar-e-motana-turismo-rural-apartamentos-turisticos-viveiro-covas-marina-lucense-panoramica-exterior-2-min-1024x512.webp\",\"datePublished\":\"2024-04-18T08:32:57+00:00\",\"dateModified\":\"2024-05-01T08:00:37+00:00\",\"breadcrumb\":{\"@id\":\"https:\/\/arumesdomar.com\/en\/about-us\/#breadcrumb\"},\"inLanguage\":\"en-US\",\"potentialAction\":[{\"@type\":\"ReadAction\",\"target\":[\"https:\/\/arumesdomar.com\/en\/about-us\/\"]}]},{\"@type\":\"ImageObject\",\"inLanguage\":\"en-US\",\"@id\":\"https:\/\/arumesdomar.com\/en\/about-us\/#primaryimage\",\"url\":\"https:\/\/arumesdomar.com\/wp-content\/uploads\/arumes-do-mar-e-motana-turismo-rural-apartamentos-turisticos-viveiro-covas-marina-lucense-panoramica-exterior-2-min-1024x512.webp\",\"contentUrl\":\"https:\/\/arumesdomar.com\/wp-content\/uploads\/arumes-do-mar-e-motana-turismo-rural-apartamentos-turisticos-viveiro-covas-marina-lucense-panoramica-exterior-2-min-1024x512.webp\"},{\"@type\":\"BreadcrumbList\",\"@id\":\"https:\/\/arumesdomar.com\/en\/about-us\/#breadcrumb\",\"itemListElement\":[{\"@type\":\"ListItem\",\"position\":1,\"name\":\"Portada\",\"item\":\"https:\/\/arumesdomar.com\/en\/home\/\"},{\"@type\":\"ListItem\",\"position\":2,\"name\":\"About us\"}]},{\"@type\":\"WebSite\",\"@id\":\"https:\/\/arumesdomar.com\/#website\",\"url\":\"https:\/\/arumesdomar.com\/\",\"name\":\"Arumes do Mar e Monta\u00f1a\",\"description\":\"Apartamentos Tur\u00edsticos en Viveiro\",\"publisher\":{\"@id\":\"https:\/\/arumesdomar.com\/#organization\"},\"potentialAction\":[{\"@type\":\"SearchAction\",\"target\":{\"@type\":\"EntryPoint\",\"urlTemplate\":\"https:\/\/arumesdomar.com\/?s={search_term_string}\"},\"query-input\":\"required name=search_term_string\"}],\"inLanguage\":\"en-US\"},{\"@type\":[\"Organization\",\"Place\"],\"@id\":\"https:\/\/arumesdomar.com\/#organization\",\"name\":\"Arumes do Mar e Monta\u00f1a\",\"url\":\"https:\/\/arumesdomar.com\/\",\"logo\":{\"@id\":\"https:\/\/arumesdomar.com\/en\/about-us\/#local-main-organization-logo\"},\"image\":{\"@id\":\"https:\/\/arumesdomar.com\/en\/about-us\/#local-main-organization-logo\"},\"sameAs\":[\"https:\/\/www.facebook.com\/arumesdomar\",\"https:\/\/instagram.com\/arumesdomar_viveiro\",\"https:\/\/www.tiktok.com\/@arumesdomar\"],\"telephone\":[],\"openingHoursSpecification\":[{\"@type\":\"OpeningHoursSpecification\",\"dayOfWeek\":[\"Monday\",\"Tuesday\",\"Wednesday\",\"Thursday\",\"Friday\",\"Saturday\",\"Sunday\"],\"opens\":\"09:00\",\"closes\":\"17:00\"}]},{\"@type\":\"ImageObject\",\"inLanguage\":\"en-US\",\"@id\":\"https:\/\/arumesdomar.com\/en\/about-us\/#local-main-organization-logo\",\"url\":\"https:\/\/arumesdomar.com\/wp-content\/uploads\/arumes-do-mar-e-motana-turismo-rural-apartamentos-turisticos-viveiro-covas-marina-lucense.png\",\"contentUrl\":\"https:\/\/arumesdomar.com\/wp-content\/uploads\/arumes-do-mar-e-motana-turismo-rural-apartamentos-turisticos-viveiro-covas-marina-lucense.png\",\"width\":1890,\"height\":1181,\"caption\":\"Arumes do Mar e Monta\u00f1a\"}]}<\/script>\n<!-- \/ Yoast SEO Premium plugin. -->","yoast_head_json":{"title":"About us - Arumes do Mar e Monta\u00f1a","robots":{"index":"index","follow":"follow","max-snippet":"max-snippet:-1","max-image-preview":"max-image-preview:large","max-video-preview":"max-video-preview:-1"},"canonical":"https:\/\/arumesdomar.com\/en\/about-us\/","og_locale":"en_US","og_type":"article","og_title":"About us","og_description":"About us Discover the perfect retreat on the coast of Lugo at Arumes do Mar e Monta\u00f1a. Immerse yourself in the beauty of the mari\u00f1a lucense, where the sea and the mountains meet to offer you a unique experience. A corner of peace and tranquillity Apartamentos Arumes do Mar e Monta\u00f1a &#8211; Viveiro is 500 [&hellip;]","og_url":"https:\/\/arumesdomar.com\/en\/about-us\/","og_site_name":"Arumes do Mar e Monta\u00f1a","article_publisher":"https:\/\/www.facebook.com\/arumesdomar","article_modified_time":"2024-05-01T08:00:37+00:00","og_image":[{"url":"https:\/\/arumesdomar.com\/wp-content\/uploads\/arumes-do-mar-e-motana-turismo-rural-apartamentos-turisticos-viveiro-covas-marina-lucense-panoramica-exterior-2-min-1024x512.webp"}],"twitter_card":"summary_large_image","twitter_misc":{"Est. reading time":"1 minute"},"schema":{"@context":"https:\/\/schema.org","@graph":[{"@type":"WebPage","@id":"https:\/\/arumesdomar.com\/en\/about-us\/","url":"https:\/\/arumesdomar.com\/en\/about-us\/","name":"About us - Arumes do Mar e Monta\u00f1a","isPartOf":{"@id":"https:\/\/arumesdomar.com\/#website"},"primaryImageOfPage":{"@id":"https:\/\/arumesdomar.com\/en\/about-us\/#primaryimage"},"image":{"@id":"https:\/\/arumesdomar.com\/en\/about-us\/#primaryimage"},"thumbnailUrl":"https:\/\/arumesdomar.com\/wp-content\/uploads\/arumes-do-mar-e-motana-turismo-rural-apartamentos-turisticos-viveiro-covas-marina-lucense-panoramica-exterior-2-min-1024x512.webp","datePublished":"2024-04-18T08:32:57+00:00","dateModified":"2024-05-01T08:00:37+00:00","breadcrumb":{"@id":"https:\/\/arumesdomar.com\/en\/about-us\/#breadcrumb"},"inLanguage":"en-US","potentialAction":[{"@type":"ReadAction","target":["https:\/\/arumesdomar.com\/en\/about-us\/"]}]},{"@type":"ImageObject","inLanguage":"en-US","@id":"https:\/\/arumesdomar.com\/en\/about-us\/#primaryimage","url":"https:\/\/arumesdomar.com\/wp-content\/uploads\/arumes-do-mar-e-motana-turismo-rural-apartamentos-turisticos-viveiro-covas-marina-lucense-panoramica-exterior-2-min-1024x512.webp","contentUrl":"https:\/\/arumesdomar.com\/wp-content\/uploads\/arumes-do-mar-e-motana-turismo-rural-apartamentos-turisticos-viveiro-covas-marina-lucense-panoramica-exterior-2-min-1024x512.webp"},{"@type":"BreadcrumbList","@id":"https:\/\/arumesdomar.com\/en\/about-us\/#breadcrumb","itemListElement":[{"@type":"ListItem","position":1,"name":"Portada","item":"https:\/\/arumesdomar.com\/en\/home\/"},{"@type":"ListItem","position":2,"name":"About us"}]},{"@type":"WebSite","@id":"https:\/\/arumesdomar.com\/#website","url":"https:\/\/arumesdomar.com\/","name":"Arumes do Mar e Monta\u00f1a","description":"Apartamentos Tur\u00edsticos en Viveiro","publisher":{"@id":"https:\/\/arumesdomar.com\/#organization"},"potentialAction":[{"@type":"SearchAction","target":{"@type":"EntryPoint","urlTemplate":"https:\/\/arumesdomar.com\/?s={search_term_string}"},"query-input":"required name=search_term_string"}],"inLanguage":"en-US"},{"@type":["Organization","Place"],"@id":"https:\/\/arumesdomar.com\/#organization","name":"Arumes do Mar e Monta\u00f1a","url":"https:\/\/arumesdomar.com\/","logo":{"@id":"https:\/\/arumesdomar.com\/en\/about-us\/#local-main-organization-logo"},"image":{"@id":"https:\/\/arumesdomar.com\/en\/about-us\/#local-main-organization-logo"},"sameAs":["https:\/\/www.facebook.com\/arumesdomar","https:\/\/instagram.com\/arumesdomar_viveiro","https:\/\/www.tiktok.com\/@arumesdomar"],"telephone":[],"openingHoursSpecification":[{"@type":"OpeningHoursSpecification","dayOfWeek":["Monday","Tuesday","Wednesday","Thursday","Friday","Saturday","Sunday"],"opens":"09:00","closes":"17:00"}]},{"@type":"ImageObject","inLanguage":"en-US","@id":"https:\/\/arumesdomar.com\/en\/about-us\/#local-main-organization-logo","url":"https:\/\/arumesdomar.com\/wp-content\/uploads\/arumes-do-mar-e-motana-turismo-rural-apartamentos-turisticos-viveiro-covas-marina-lucense.png","contentUrl":"https:\/\/arumesdomar.com\/wp-content\/uploads\/arumes-do-mar-e-motana-turismo-rural-apartamentos-turisticos-viveiro-covas-marina-lucense.png","width":1890,"height":1181,"caption":"Arumes do Mar e Monta\u00f1a"}]}},"_links":{"self":[{"href":"https:\/\/arumesdomar.com\/en\/wp-json\/wp\/v2\/pages\/1627"}],"collection":[{"href":"https:\/\/arumesdomar.com\/en\/wp-json\/wp\/v2\/pages"}],"about":[{"href":"https:\/\/arumesdomar.com\/en\/wp-json\/wp\/v2\/types\/page"}],"author":[{"embeddable":true,"href":"https:\/\/arumesdomar.com\/en\/wp-json\/wp\/v2\/users\/2"}],"replies":[{"embeddable":true,"href":"https:\/\/arumesdomar.com\/en\/wp-json\/wp\/v2\/comments?post=1627"}],"version-history":[{"count":1,"href":"https:\/\/arumesdomar.com\/en\/wp-json\/wp\/v2\/pages\/1627\/revisions"}],"predecessor-version":[{"id":1628,"href":"https:\/\/arumesdomar.com\/en\/wp-json\/wp\/v2\/pages\/1627\/revisions\/1628"}],"wp:attachment":[{"href":"https:\/\/arumesdomar.com\/en\/wp-json\/wp\/v2\/media?parent=1627"}],"curies":[{"name":"wp","href":"https:\/\/api.w.org\/{rel}","templated":true}]}}