{"id":1717,"date":"2024-04-18T10:32:57","date_gmt":"2024-04-18T08:32:57","guid":{"rendered":"https:\/\/arumesdomar.com\/wir\/"},"modified":"2024-05-02T00:08:17","modified_gmt":"2024-05-01T22:08:17","slug":"wir","status":"publish","type":"page","link":"https:\/\/arumesdomar.com\/de\/wir\/","title":{"rendered":"Wir"},"content":{"rendered":"\t\t<div data-elementor-type=\"wp-page\" data-elementor-id=\"1717\" class=\"elementor elementor-1717 elementor-235\" data-elementor-post-type=\"page\">\n\t\t\t\t<div class=\"elementor-element elementor-element-66572b96 e-flex e-con-boxed e-con e-parent\" data-id=\"66572b96\" data-element_type=\"container\" data-settings=\"{&quot;background_background&quot;:&quot;classic&quot;}\">\n\t\t\t\t\t<div class=\"e-con-inner\">\n\t\t<div class=\"elementor-element elementor-element-76ccba1 e-con-full e-flex e-con e-child\" data-id=\"76ccba1\" data-element_type=\"container\">\n\t\t\t\t<div class=\"elementor-element elementor-element-ab129aa elementor-widget elementor-widget-heading\" data-id=\"ab129aa\" data-element_type=\"widget\" data-widget_type=\"heading.default\">\n\t\t\t\t<div class=\"elementor-widget-container\">\n\t\t\t<style>\/*! elementor - v3.23.0 - 05-08-2024 *\/\n.elementor-heading-title{padding:0;margin:0;line-height:1}.elementor-widget-heading .elementor-heading-title[class*=elementor-size-]>a{color:inherit;font-size:inherit;line-height:inherit}.elementor-widget-heading .elementor-heading-title.elementor-size-small{font-size:15px}.elementor-widget-heading .elementor-heading-title.elementor-size-medium{font-size:19px}.elementor-widget-heading .elementor-heading-title.elementor-size-large{font-size:29px}.elementor-widget-heading .elementor-heading-title.elementor-size-xl{font-size:39px}.elementor-widget-heading .elementor-heading-title.elementor-size-xxl{font-size:59px}<\/style><h2 class=\"elementor-heading-title elementor-size-default\">\u00dcber uns<\/h2>\t\t<\/div>\n\t\t\t\t<\/div>\n\t\t\t\t<div class=\"elementor-element elementor-element-248e079 elementor-widget__width-initial elementor-widget-mobile__width-inherit elementor-widget elementor-widget-text-editor\" data-id=\"248e079\" data-element_type=\"widget\" data-widget_type=\"text-editor.default\">\n\t\t\t\t<div class=\"elementor-widget-container\">\n\t\t\t<style>\/*! elementor - v3.23.0 - 05-08-2024 *\/\n.elementor-widget-text-editor.elementor-drop-cap-view-stacked .elementor-drop-cap{background-color:#69727d;color:#fff}.elementor-widget-text-editor.elementor-drop-cap-view-framed .elementor-drop-cap{color:#69727d;border:3px solid;background-color:transparent}.elementor-widget-text-editor:not(.elementor-drop-cap-view-default) .elementor-drop-cap{margin-top:8px}.elementor-widget-text-editor:not(.elementor-drop-cap-view-default) .elementor-drop-cap-letter{width:1em;height:1em}.elementor-widget-text-editor .elementor-drop-cap{float:left;text-align:center;line-height:1;font-size:50px}.elementor-widget-text-editor .elementor-drop-cap-letter{display:inline-block}<\/style>\t\t\t\t<p>Entdecken Sie den perfekten R\u00fcckzugsort an der K\u00fcste von Lugo in Arumes do Mar e Monta\u00f1a. Tauchen Sie ein in die Sch\u00f6nheit des Meeres von Lugo, wo sich Meer und Berge treffen und Ihnen ein einzigartiges Erlebnis bieten. <\/p>\n\t\t\t\t\t\t<\/div>\n\t\t\t\t<\/div>\n\t\t\t\t<\/div>\n\t\t\t\t\t<\/div>\n\t\t\t\t<\/div>\n\t\t<div class=\"elementor-element elementor-element-70930a6c e-flex e-con-boxed e-con e-parent\" data-id=\"70930a6c\" data-element_type=\"container\">\n\t\t\t\t\t<div class=\"e-con-inner\">\n\t\t\t\t<div class=\"elementor-element elementor-element-6ae643a3 elementor-widget-tablet__width-initial elementor-invisible elementor-widget elementor-widget-heading\" data-id=\"6ae643a3\" data-element_type=\"widget\" data-settings=\"{&quot;_animation&quot;:&quot;fadeIn&quot;}\" data-widget_type=\"heading.default\">\n\t\t\t\t<div class=\"elementor-widget-container\">\n\t\t\t<h2 class=\"elementor-heading-title elementor-size-default\">Eine Ecke des Friedens und der Ruhe<\/h2>\t\t<\/div>\n\t\t\t\t<\/div>\n\t\t\t\t<div class=\"elementor-element elementor-element-1260f12c elementor-widget__width-initial elementor-widget-mobile__width-inherit elementor-invisible elementor-widget elementor-widget-text-editor\" data-id=\"1260f12c\" data-element_type=\"widget\" data-settings=\"{&quot;_animation&quot;:&quot;fadeIn&quot;,&quot;_animation_delay&quot;:&quot;200&quot;}\" data-widget_type=\"text-editor.default\">\n\t\t\t\t<div class=\"elementor-widget-container\">\n\t\t\t\t\t\t\t<p>Die Apartments Arumes do Mar e Monta\u00f1a &#8211; Viveiro liegen 500 m vom Strand Covas entfernt in der Gemeinde Viveiro, in der Mari\u00f1a Occidental Lucense. Sie liegen zwischen dem Meer und den Bergen, was eine hervorragende Aussicht und Ruhe bietet. Dies macht es m\u00f6glich, Bergsport, Wandern und Klettern, sowie Wassersport, Surfen und Kanufahren in der M\u00fcndung zu \u00fcben.   <\/p>\n<p>Alle Unterk\u00fcnfte verf\u00fcgen \u00fcber eine voll ausgestattete K\u00fcchenzeile, eine Sitzecke mit einem Sofa, einen Flachbildfernseher und ein eigenes Bad mit einer Dusche. Wi-Fi ist ebenfalls verf\u00fcgbar. <\/p>\n<p>Die Anlage verf\u00fcgt \u00fcber ein 3.000 m gro\u00dfes Grundst\u00fcck mit Grillpl\u00e4tzen, Gartenm\u00f6beln und Pavillons.<\/p>\n<p>Die Apartamentos Arumes do Mar e Monta\u00f1a &#8211; Viveiro liegen in der N\u00e4he zahlreicher Str\u00e4nde wie Abrela Beach (wo sich O Fuci\u00f1o do Porco befindet), San Rom\u00e1n, Xilloi, Area Longa. Eine halbe Stunde von Estaca de Bares und 50 Minuten vom Strand As Catedrales entfernt. Der n\u00e4chstgelegene Flughafen ist A Coru\u00f1a, 109 km entfernt. Der FEVE-Zug ist 100 m und der Busbahnhof Viveiro 1,8 km entfernt. Die ummauerte Stadt Lugo ist eine Autostunde entfernt.    <\/p>\n<p>Geheimnisse, die man kennen sollte: O abuelo, der \u00e4lteste Eukalyptusbaum in Europa, in Souto da Retorta. Der Wasserfall Pozo da Ferida. A Coba da Doncella und San Juan Viejo, im Cargadero de Insua. Der Strand von Alegr\u00edn. Der Aussichtspunkt von Monte San Roque, Monte Castelo und Montefaro. Und alles, was Sie entdecken k\u00f6nnen.     <\/p>\n\t\t\t\t\t\t<\/div>\n\t\t\t\t<\/div>\n\t\t\t\t<div class=\"elementor-element elementor-element-85c8c7f elementor-widget__width-initial elementor-widget-mobile__width-inherit elementor-widget elementor-widget-image\" data-id=\"85c8c7f\" data-element_type=\"widget\" data-widget_type=\"image.default\">\n\t\t\t\t<div class=\"elementor-widget-container\">\n\t\t\t<style>\/*! elementor - v3.23.0 - 05-08-2024 *\/\n.elementor-widget-image{text-align:center}.elementor-widget-image a{display:inline-block}.elementor-widget-image a img[src$=\".svg\"]{width:48px}.elementor-widget-image img{vertical-align:middle;display:inline-block}<\/style>\t\t\t\t\t\t\t\t\t\t<img fetchpriority=\"high\" decoding=\"async\" width=\"800\" height=\"400\" src=\"https:\/\/arumesdomar.com\/wp-content\/uploads\/arumes-do-mar-e-motana-turismo-rural-apartamentos-turisticos-viveiro-covas-marina-lucense-panoramica-exterior-2-min-1024x512.webp\" class=\"attachment-large size-large wp-image-1090\" alt=\"\" srcset=\"https:\/\/arumesdomar.com\/wp-content\/uploads\/arumes-do-mar-e-motana-turismo-rural-apartamentos-turisticos-viveiro-covas-marina-lucense-panoramica-exterior-2-min-1024x512.webp 1024w, https:\/\/arumesdomar.com\/wp-content\/uploads\/arumes-do-mar-e-motana-turismo-rural-apartamentos-turisticos-viveiro-covas-marina-lucense-panoramica-exterior-2-min-300x150.webp 300w, https:\/\/arumesdomar.com\/wp-content\/uploads\/arumes-do-mar-e-motana-turismo-rural-apartamentos-turisticos-viveiro-covas-marina-lucense-panoramica-exterior-2-min-768x384.webp 768w, https:\/\/arumesdomar.com\/wp-content\/uploads\/arumes-do-mar-e-motana-turismo-rural-apartamentos-turisticos-viveiro-covas-marina-lucense-panoramica-exterior-2-min-1536x768.webp 1536w, https:\/\/arumesdomar.com\/wp-content\/uploads\/arumes-do-mar-e-motana-turismo-rural-apartamentos-turisticos-viveiro-covas-marina-lucense-panoramica-exterior-2-min-2048x1024.webp 2048w\" sizes=\"(max-width: 800px) 100vw, 800px\" \/>\t\t\t\t\t\t\t\t\t\t\t\t\t<\/div>\n\t\t\t\t<\/div>\n\t\t\t\t\t<\/div>\n\t\t\t\t<\/div>\n\t\t\t\t<\/div>\n\t\t","protected":false},"excerpt":{"rendered":"<p>\u00dcber uns Entdecken Sie den perfekten R\u00fcckzugsort an der K\u00fcste von Lugo in Arumes do Mar e Monta\u00f1a. Tauchen Sie ein in die Sch\u00f6nheit des Meeres von Lugo, wo sich Meer und Berge treffen und Ihnen ein einzigartiges Erlebnis bieten. Eine Ecke des Friedens und der Ruhe Die Apartments Arumes do Mar e Monta\u00f1a &#8211; [&hellip;]<\/p>\n","protected":false},"author":2,"featured_media":0,"parent":0,"menu_order":0,"comment_status":"closed","ping_status":"closed","template":"elementor_header_footer","meta":{"_joinchat":[],"footnotes":""},"class_list":["post-1717","page","type-page","status-publish","hentry"],"yoast_head":"<!-- This site is optimized with the Yoast SEO Premium plugin v22.5 (Yoast SEO v23.1) - https:\/\/yoast.com\/wordpress\/plugins\/seo\/ -->\n<title>Wir - Arumes do Mar e Monta\u00f1a<\/title>\n<meta name=\"robots\" content=\"index, follow, max-snippet:-1, max-image-preview:large, max-video-preview:-1\" \/>\n<link rel=\"canonical\" href=\"https:\/\/arumesdomar.com\/de\/wir\/\" \/>\n<meta property=\"og:locale\" content=\"de_DE\" \/>\n<meta property=\"og:type\" content=\"article\" \/>\n<meta property=\"og:title\" content=\"Wir\" \/>\n<meta property=\"og:description\" content=\"\u00dcber uns Entdecken Sie den perfekten R\u00fcckzugsort an der K\u00fcste von Lugo in Arumes do Mar e Monta\u00f1a. Tauchen Sie ein in die Sch\u00f6nheit des Meeres von Lugo, wo sich Meer und Berge treffen und Ihnen ein einzigartiges Erlebnis bieten. Eine Ecke des Friedens und der Ruhe Die Apartments Arumes do Mar e Monta\u00f1a &#8211; [&hellip;]\" \/>\n<meta property=\"og:url\" content=\"https:\/\/arumesdomar.com\/de\/wir\/\" \/>\n<meta property=\"og:site_name\" content=\"Arumes do Mar e Monta\u00f1a\" \/>\n<meta property=\"article:publisher\" content=\"https:\/\/www.facebook.com\/arumesdomar\" \/>\n<meta property=\"article:modified_time\" content=\"2024-05-01T22:08:17+00:00\" \/>\n<meta property=\"og:image\" content=\"https:\/\/arumesdomar.com\/wp-content\/uploads\/arumes-do-mar-e-motana-turismo-rural-apartamentos-turisticos-viveiro-covas-marina-lucense-panoramica-exterior-2-min-1024x512.webp\" \/>\n<meta name=\"twitter:card\" content=\"summary_large_image\" \/>\n<meta name=\"twitter:label1\" content=\"Gesch\u00e4tzte Lesezeit\" \/>\n\t<meta name=\"twitter:data1\" content=\"1 Minute\" \/>\n<script type=\"application\/ld+json\" class=\"yoast-schema-graph\">{\"@context\":\"https:\/\/schema.org\",\"@graph\":[{\"@type\":\"WebPage\",\"@id\":\"https:\/\/arumesdomar.com\/de\/wir\/\",\"url\":\"https:\/\/arumesdomar.com\/de\/wir\/\",\"name\":\"Wir - Arumes do Mar e Monta\u00f1a\",\"isPartOf\":{\"@id\":\"https:\/\/arumesdomar.com\/#website\"},\"primaryImageOfPage\":{\"@id\":\"https:\/\/arumesdomar.com\/de\/wir\/#primaryimage\"},\"image\":{\"@id\":\"https:\/\/arumesdomar.com\/de\/wir\/#primaryimage\"},\"thumbnailUrl\":\"https:\/\/arumesdomar.com\/wp-content\/uploads\/arumes-do-mar-e-motana-turismo-rural-apartamentos-turisticos-viveiro-covas-marina-lucense-panoramica-exterior-2-min-1024x512.webp\",\"datePublished\":\"2024-04-18T08:32:57+00:00\",\"dateModified\":\"2024-05-01T22:08:17+00:00\",\"breadcrumb\":{\"@id\":\"https:\/\/arumesdomar.com\/de\/wir\/#breadcrumb\"},\"inLanguage\":\"de-DE\",\"potentialAction\":[{\"@type\":\"ReadAction\",\"target\":[\"https:\/\/arumesdomar.com\/de\/wir\/\"]}]},{\"@type\":\"ImageObject\",\"inLanguage\":\"de-DE\",\"@id\":\"https:\/\/arumesdomar.com\/de\/wir\/#primaryimage\",\"url\":\"https:\/\/arumesdomar.com\/wp-content\/uploads\/arumes-do-mar-e-motana-turismo-rural-apartamentos-turisticos-viveiro-covas-marina-lucense-panoramica-exterior-2-min-1024x512.webp\",\"contentUrl\":\"https:\/\/arumesdomar.com\/wp-content\/uploads\/arumes-do-mar-e-motana-turismo-rural-apartamentos-turisticos-viveiro-covas-marina-lucense-panoramica-exterior-2-min-1024x512.webp\"},{\"@type\":\"BreadcrumbList\",\"@id\":\"https:\/\/arumesdomar.com\/de\/wir\/#breadcrumb\",\"itemListElement\":[{\"@type\":\"ListItem\",\"position\":1,\"name\":\"Portada\",\"item\":\"https:\/\/arumesdomar.com\/de\/startseite\/\"},{\"@type\":\"ListItem\",\"position\":2,\"name\":\"Wir\"}]},{\"@type\":\"WebSite\",\"@id\":\"https:\/\/arumesdomar.com\/#website\",\"url\":\"https:\/\/arumesdomar.com\/\",\"name\":\"Arumes do Mar e Monta\u00f1a\",\"description\":\"Apartamentos Tur\u00edsticos en Viveiro\",\"publisher\":{\"@id\":\"https:\/\/arumesdomar.com\/#organization\"},\"potentialAction\":[{\"@type\":\"SearchAction\",\"target\":{\"@type\":\"EntryPoint\",\"urlTemplate\":\"https:\/\/arumesdomar.com\/?s={search_term_string}\"},\"query-input\":\"required name=search_term_string\"}],\"inLanguage\":\"de-DE\"},{\"@type\":[\"Organization\",\"Place\"],\"@id\":\"https:\/\/arumesdomar.com\/#organization\",\"name\":\"Arumes do Mar e Monta\u00f1a\",\"url\":\"https:\/\/arumesdomar.com\/\",\"logo\":{\"@id\":\"https:\/\/arumesdomar.com\/de\/wir\/#local-main-organization-logo\"},\"image\":{\"@id\":\"https:\/\/arumesdomar.com\/de\/wir\/#local-main-organization-logo\"},\"sameAs\":[\"https:\/\/www.facebook.com\/arumesdomar\",\"https:\/\/instagram.com\/arumesdomar_viveiro\",\"https:\/\/www.tiktok.com\/@arumesdomar\"],\"telephone\":[],\"openingHoursSpecification\":[{\"@type\":\"OpeningHoursSpecification\",\"dayOfWeek\":[\"Monday\",\"Tuesday\",\"Wednesday\",\"Thursday\",\"Friday\",\"Saturday\",\"Sunday\"],\"opens\":\"09:00\",\"closes\":\"17:00\"}]},{\"@type\":\"ImageObject\",\"inLanguage\":\"de-DE\",\"@id\":\"https:\/\/arumesdomar.com\/de\/wir\/#local-main-organization-logo\",\"url\":\"https:\/\/arumesdomar.com\/wp-content\/uploads\/arumes-do-mar-e-motana-turismo-rural-apartamentos-turisticos-viveiro-covas-marina-lucense.png\",\"contentUrl\":\"https:\/\/arumesdomar.com\/wp-content\/uploads\/arumes-do-mar-e-motana-turismo-rural-apartamentos-turisticos-viveiro-covas-marina-lucense.png\",\"width\":1890,\"height\":1181,\"caption\":\"Arumes do Mar e Monta\u00f1a\"}]}<\/script>\n<!-- \/ Yoast SEO Premium plugin. -->","yoast_head_json":{"title":"Wir - Arumes do Mar e Monta\u00f1a","robots":{"index":"index","follow":"follow","max-snippet":"max-snippet:-1","max-image-preview":"max-image-preview:large","max-video-preview":"max-video-preview:-1"},"canonical":"https:\/\/arumesdomar.com\/de\/wir\/","og_locale":"de_DE","og_type":"article","og_title":"Wir","og_description":"\u00dcber uns Entdecken Sie den perfekten R\u00fcckzugsort an der K\u00fcste von Lugo in Arumes do Mar e Monta\u00f1a. Tauchen Sie ein in die Sch\u00f6nheit des Meeres von Lugo, wo sich Meer und Berge treffen und Ihnen ein einzigartiges Erlebnis bieten. Eine Ecke des Friedens und der Ruhe Die Apartments Arumes do Mar e Monta\u00f1a &#8211; [&hellip;]","og_url":"https:\/\/arumesdomar.com\/de\/wir\/","og_site_name":"Arumes do Mar e Monta\u00f1a","article_publisher":"https:\/\/www.facebook.com\/arumesdomar","article_modified_time":"2024-05-01T22:08:17+00:00","og_image":[{"url":"https:\/\/arumesdomar.com\/wp-content\/uploads\/arumes-do-mar-e-motana-turismo-rural-apartamentos-turisticos-viveiro-covas-marina-lucense-panoramica-exterior-2-min-1024x512.webp"}],"twitter_card":"summary_large_image","twitter_misc":{"Gesch\u00e4tzte Lesezeit":"1 Minute"},"schema":{"@context":"https:\/\/schema.org","@graph":[{"@type":"WebPage","@id":"https:\/\/arumesdomar.com\/de\/wir\/","url":"https:\/\/arumesdomar.com\/de\/wir\/","name":"Wir - Arumes do Mar e Monta\u00f1a","isPartOf":{"@id":"https:\/\/arumesdomar.com\/#website"},"primaryImageOfPage":{"@id":"https:\/\/arumesdomar.com\/de\/wir\/#primaryimage"},"image":{"@id":"https:\/\/arumesdomar.com\/de\/wir\/#primaryimage"},"thumbnailUrl":"https:\/\/arumesdomar.com\/wp-content\/uploads\/arumes-do-mar-e-motana-turismo-rural-apartamentos-turisticos-viveiro-covas-marina-lucense-panoramica-exterior-2-min-1024x512.webp","datePublished":"2024-04-18T08:32:57+00:00","dateModified":"2024-05-01T22:08:17+00:00","breadcrumb":{"@id":"https:\/\/arumesdomar.com\/de\/wir\/#breadcrumb"},"inLanguage":"de-DE","potentialAction":[{"@type":"ReadAction","target":["https:\/\/arumesdomar.com\/de\/wir\/"]}]},{"@type":"ImageObject","inLanguage":"de-DE","@id":"https:\/\/arumesdomar.com\/de\/wir\/#primaryimage","url":"https:\/\/arumesdomar.com\/wp-content\/uploads\/arumes-do-mar-e-motana-turismo-rural-apartamentos-turisticos-viveiro-covas-marina-lucense-panoramica-exterior-2-min-1024x512.webp","contentUrl":"https:\/\/arumesdomar.com\/wp-content\/uploads\/arumes-do-mar-e-motana-turismo-rural-apartamentos-turisticos-viveiro-covas-marina-lucense-panoramica-exterior-2-min-1024x512.webp"},{"@type":"BreadcrumbList","@id":"https:\/\/arumesdomar.com\/de\/wir\/#breadcrumb","itemListElement":[{"@type":"ListItem","position":1,"name":"Portada","item":"https:\/\/arumesdomar.com\/de\/startseite\/"},{"@type":"ListItem","position":2,"name":"Wir"}]},{"@type":"WebSite","@id":"https:\/\/arumesdomar.com\/#website","url":"https:\/\/arumesdomar.com\/","name":"Arumes do Mar e Monta\u00f1a","description":"Apartamentos Tur\u00edsticos en Viveiro","publisher":{"@id":"https:\/\/arumesdomar.com\/#organization"},"potentialAction":[{"@type":"SearchAction","target":{"@type":"EntryPoint","urlTemplate":"https:\/\/arumesdomar.com\/?s={search_term_string}"},"query-input":"required name=search_term_string"}],"inLanguage":"de-DE"},{"@type":["Organization","Place"],"@id":"https:\/\/arumesdomar.com\/#organization","name":"Arumes do Mar e Monta\u00f1a","url":"https:\/\/arumesdomar.com\/","logo":{"@id":"https:\/\/arumesdomar.com\/de\/wir\/#local-main-organization-logo"},"image":{"@id":"https:\/\/arumesdomar.com\/de\/wir\/#local-main-organization-logo"},"sameAs":["https:\/\/www.facebook.com\/arumesdomar","https:\/\/instagram.com\/arumesdomar_viveiro","https:\/\/www.tiktok.com\/@arumesdomar"],"telephone":[],"openingHoursSpecification":[{"@type":"OpeningHoursSpecification","dayOfWeek":["Monday","Tuesday","Wednesday","Thursday","Friday","Saturday","Sunday"],"opens":"09:00","closes":"17:00"}]},{"@type":"ImageObject","inLanguage":"de-DE","@id":"https:\/\/arumesdomar.com\/de\/wir\/#local-main-organization-logo","url":"https:\/\/arumesdomar.com\/wp-content\/uploads\/arumes-do-mar-e-motana-turismo-rural-apartamentos-turisticos-viveiro-covas-marina-lucense.png","contentUrl":"https:\/\/arumesdomar.com\/wp-content\/uploads\/arumes-do-mar-e-motana-turismo-rural-apartamentos-turisticos-viveiro-covas-marina-lucense.png","width":1890,"height":1181,"caption":"Arumes do Mar e Monta\u00f1a"}]}},"_links":{"self":[{"href":"https:\/\/arumesdomar.com\/de\/wp-json\/wp\/v2\/pages\/1717"}],"collection":[{"href":"https:\/\/arumesdomar.com\/de\/wp-json\/wp\/v2\/pages"}],"about":[{"href":"https:\/\/arumesdomar.com\/de\/wp-json\/wp\/v2\/types\/page"}],"author":[{"embeddable":true,"href":"https:\/\/arumesdomar.com\/de\/wp-json\/wp\/v2\/users\/2"}],"replies":[{"embeddable":true,"href":"https:\/\/arumesdomar.com\/de\/wp-json\/wp\/v2\/comments?post=1717"}],"version-history":[{"count":1,"href":"https:\/\/arumesdomar.com\/de\/wp-json\/wp\/v2\/pages\/1717\/revisions"}],"predecessor-version":[{"id":1718,"href":"https:\/\/arumesdomar.com\/de\/wp-json\/wp\/v2\/pages\/1717\/revisions\/1718"}],"wp:attachment":[{"href":"https:\/\/arumesdomar.com\/de\/wp-json\/wp\/v2\/media?parent=1717"}],"curies":[{"name":"wp","href":"https:\/\/api.w.org\/{rel}","templated":true}]}}